{"id":2,"date":"2016-05-10T03:48:21","date_gmt":"2016-05-10T03:48:21","guid":{"rendered":"http:\/\/vondake-automatenservice.de\/?page_id=2"},"modified":"2021-10-25T14:52:15","modified_gmt":"2021-10-25T14:52:15","slug":"sample-page","status":"publish","type":"page","link":"https:\/\/vondake-automatenservice.de\/","title":{"rendered":"Entdecke den von Dake Unterschied"},"content":{"rendered":"\n<!-- default-view.php -->\n<div\n\tclass=\"ngg-galleryoverview default-view \"\n\tid=\"ngg-gallery-228ffdd1472fa903b282ff3c8176c293-1\">\n\n\t\t<!-- Thumbnails -->\n\t\t\t\t<div id=\"ngg-image-0\" class=\"ngg-gallery-thumbnail-box \" >\n\t\t\t\t        <div class=\"ngg-gallery-thumbnail\">\n            <a href=\"https:\/\/vondake-automatenservice.de\/wp-content\/gallery\/neu-automaten\/210051_E_Mail_Signatur_600x88px_NEU.jpg\"\n               title=\"\"\n               data-src=\"https:\/\/vondake-automatenservice.de\/wp-content\/gallery\/neu-automaten\/210051_E_Mail_Signatur_600x88px_NEU.jpg\"\n               data-thumbnail=\"https:\/\/vondake-automatenservice.de\/wp-content\/gallery\/neu-automaten\/thumbs\/thumbs_210051_E_Mail_Signatur_600x88px_NEU.jpg\"\n               data-image-id=\"4\"\n               data-title=\"210051_E_Mail_Signatur_600x88px_NEU\"\n               data-description=\"\"\n               data-image-slug=\"210051_e_mail_signatur_600x88px_neu\"\n               class=\"ngg-simplelightbox\" rel=\"228ffdd1472fa903b282ff3c8176c293\">\n                <img\n                    title=\"210051_E_Mail_Signatur_600x88px_NEU\"\n                    alt=\"210051_E_Mail_Signatur_600x88px_NEU\"\n                    src=\"https:\/\/vondake-automatenservice.de\/wp-content\/gallery\/neu-automaten\/cache\/210051_E_Mail_Signatur_600x88px_NEU.jpg-nggid014-ngg0dyn-800x117x100-00f0w010c010r110f110r010t010.jpg\"\n                    width=\"800\"\n                    height=\"117\"\n                    style=\"max-width:100%;\"\n                \/>\n            <\/a>\n        <\/div>\n\t\t\t\t\t\t\t<\/div> \n\t\t\t\n\t\n\t<br style=\"clear: both\" \/>\n\n\t\n\t\t<!-- Pagination -->\n\t<div class='ngg-clear'><\/div>\t<\/div>\n\n\n\n\n<p>Ein Familienunternehmen der besonderen Art:<br>Pers\u00f6nlich-Innovativ-Leidenschaftlich<\/p>\n\n\n\n<p>Der Gedanke zur Gr\u00fcndung der von Dake Automatenverpflegung<br>ist aus der 16 J\u00e4hrigen Erfahrung im Verpflegungsbereich mit Automaten entstanden, die immer wieder gezeigt hat, dass eine pers\u00f6nliche engagierte und individuelle Betreuung die beste Grundlage f\u00fcr eine gute Zusammenarbeit und Versorgung bildet.<br>Als kleines Familienunternehmen haben wir die M\u00f6glichkeit selbst zu handeln und unseren Leitgedanken umzusetzen.<br>Hierbei werden wir durch ad\u00e4quate Partner im Produktbereich als auch der technischen Seite unterst\u00fctzt.<\/p>\n\n\n\n<div class=\"wp-block-group\"><div class=\"wp-block-group__inner-container\">\n<div class=\"wp-block-columns\">\n<div class=\"wp-block-column\" style=\"flex-basis:100%\">\n<div class=\"wp-block-group\"><div class=\"wp-block-group__inner-container\">\n<div class=\"wp-block-columns\">\n<div class=\"wp-block-column\" style=\"flex-basis:100%\">\n<div class=\"wp-block-columns\">\n<div class=\"wp-block-column\" style=\"flex-basis:100%\">\n<div class=\"wp-block-columns\">\n<div class=\"wp-block-column\" style=\"flex-basis:100%\">\n<!-- default-view.php -->\n<div\n\tclass=\"ngg-galleryoverview default-view \"\n\tid=\"ngg-gallery-b4af01094beef1cbdc63936819bdb588-1\">\n\n\t\t<!-- Thumbnails -->\n\t\t\t\t<div id=\"ngg-image-0\" class=\"ngg-gallery-thumbnail-box \" >\n\t\t\t\t        <div class=\"ngg-gallery-thumbnail\">\n            <a href=\"https:\/\/vondake-automatenservice.de\/wp-content\/gallery\/automaten\/Automaten_Lebensmittel-und-Getraenke_Retro_1169746210-02.png\"\n               title=\"\"\n               data-src=\"https:\/\/vondake-automatenservice.de\/wp-content\/gallery\/automaten\/Automaten_Lebensmittel-und-Getraenke_Retro_1169746210-02.png\"\n               data-thumbnail=\"https:\/\/vondake-automatenservice.de\/wp-content\/gallery\/automaten\/thumbs\/thumbs_Automaten_Lebensmittel-und-Getraenke_Retro_1169746210-02.png\"\n               data-image-id=\"1\"\n               data-title=\"Eiscreme Automat\"\n               data-description=\"\"\n               data-image-slug=\"automaten_lebensmittel-und-getraenke_retro_1169746210-02\"\n               class=\"ngg-simplelightbox\" rel=\"b4af01094beef1cbdc63936819bdb588\">\n                <img\n                    title=\"Eiscreme Automat\"\n                    alt=\"Eiscreme Automat\"\n                    src=\"https:\/\/vondake-automatenservice.de\/wp-content\/gallery\/automaten\/cache\/Automaten_Lebensmittel-und-Getraenke_Retro_1169746210-02.png-nggid011-ngg0dyn-327x218x100-00f0w010c010r110f110r010t010.png\"\n                    width=\"226\"\n                    height=\"218\"\n                    style=\"max-width:100%;\"\n                \/>\n            <\/a>\n        <\/div>\n\t\t\t\t\t\t\t<\/div> \n\t\t\t\n\t\t\t\t<div id=\"ngg-image-1\" class=\"ngg-gallery-thumbnail-box \" >\n\t\t\t\t        <div class=\"ngg-gallery-thumbnail\">\n            <a href=\"https:\/\/vondake-automatenservice.de\/wp-content\/gallery\/automaten\/Automaten_Kaffee_shutterstock.png\"\n               title=\"\"\n               data-src=\"https:\/\/vondake-automatenservice.de\/wp-content\/gallery\/automaten\/Automaten_Kaffee_shutterstock.png\"\n               data-thumbnail=\"https:\/\/vondake-automatenservice.de\/wp-content\/gallery\/automaten\/thumbs\/thumbs_Automaten_Kaffee_shutterstock.png\"\n               data-image-id=\"2\"\n               data-title=\"Kaffee Automat\"\n               data-description=\"\"\n               data-image-slug=\"automaten_kaffee_shutterstock\"\n               class=\"ngg-simplelightbox\" rel=\"b4af01094beef1cbdc63936819bdb588\">\n                <img\n                    title=\"Kaffee Automat\"\n                    alt=\"Kaffee Automat\"\n                    src=\"https:\/\/vondake-automatenservice.de\/wp-content\/gallery\/automaten\/cache\/Automaten_Kaffee_shutterstock.png-nggid012-ngg0dyn-327x218x100-00f0w010c010r110f110r010t010.png\"\n                    width=\"218\"\n                    height=\"218\"\n                    style=\"max-width:100%;\"\n                \/>\n            <\/a>\n        <\/div>\n\t\t\t\t\t\t\t<\/div> \n\t\t\t\n\t\t\t\t<div id=\"ngg-image-2\" class=\"ngg-gallery-thumbnail-box \" >\n\t\t\t\t        <div class=\"ngg-gallery-thumbnail\">\n            <a href=\"https:\/\/vondake-automatenservice.de\/wp-content\/gallery\/automaten\/Automaten_Snack-Limonade-Kaffee_662121709-02.png\"\n               title=\"\"\n               data-src=\"https:\/\/vondake-automatenservice.de\/wp-content\/gallery\/automaten\/Automaten_Snack-Limonade-Kaffee_662121709-02.png\"\n               data-thumbnail=\"https:\/\/vondake-automatenservice.de\/wp-content\/gallery\/automaten\/thumbs\/thumbs_Automaten_Snack-Limonade-Kaffee_662121709-02.png\"\n               data-image-id=\"3\"\n               data-title=\"Snack &amp; Limonaden Automat\"\n               data-description=\"\"\n               data-image-slug=\"automaten_snack-limonade-kaffee_662121709-02\"\n               class=\"ngg-simplelightbox\" rel=\"b4af01094beef1cbdc63936819bdb588\">\n                <img\n                    title=\"Snack &amp; Limonaden Automat\"\n                    alt=\"Snack &amp; Limonaden Automat\"\n                    src=\"https:\/\/vondake-automatenservice.de\/wp-content\/gallery\/automaten\/cache\/Automaten_Snack-Limonade-Kaffee_662121709-02.png-nggid013-ngg0dyn-327x218x100-00f0w010c010r110f110r010t010.png\"\n                    width=\"218\"\n                    height=\"218\"\n                    style=\"max-width:100%;\"\n                \/>\n            <\/a>\n        <\/div>\n\t\t\t\t\t\t\t<\/div> \n\t\t\t\n\t\t\t\t<div id=\"ngg-image-3\" class=\"ngg-gallery-thumbnail-box \" >\n\t\t\t\t        <div class=\"ngg-gallery-thumbnail\">\n            <a href=\"https:\/\/vondake-automatenservice.de\/wp-content\/gallery\/automaten\/Automaten_Ohne-Fenster_188171843-01.png\"\n               title=\"\"\n               data-src=\"https:\/\/vondake-automatenservice.de\/wp-content\/gallery\/automaten\/Automaten_Ohne-Fenster_188171843-01.png\"\n               data-thumbnail=\"https:\/\/vondake-automatenservice.de\/wp-content\/gallery\/automaten\/thumbs\/thumbs_Automaten_Ohne-Fenster_188171843-01.png\"\n               data-image-id=\"5\"\n               data-title=\"Automaten_Ohne-Fenster_188171843-01\"\n               data-description=\"\"\n               data-image-slug=\"automaten_ohne-fenster_188171843-01\"\n               class=\"ngg-simplelightbox\" rel=\"b4af01094beef1cbdc63936819bdb588\">\n                <img\n                    title=\"Automaten_Ohne-Fenster_188171843-01\"\n                    alt=\"Automaten_Ohne-Fenster_188171843-01\"\n                    src=\"https:\/\/vondake-automatenservice.de\/wp-content\/gallery\/automaten\/cache\/Automaten_Ohne-Fenster_188171843-01.png-nggid015-ngg0dyn-327x218x100-00f0w010c010r110f110r010t010.png\"\n                    width=\"218\"\n                    height=\"218\"\n                    style=\"max-width:100%;\"\n                \/>\n            <\/a>\n        <\/div>\n\t\t\t\t\t\t\t<\/div> \n\t\t\t\n\t\n\t<br style=\"clear: both\" \/>\n\n\t\n\t\t<!-- Pagination -->\n\t<div class='ngg-clear'><\/div>\t<\/div>\n\n<\/div>\n<\/div>\n<\/div>\n<\/div>\n<\/div>\n<\/div>\n<\/div><\/div>\n<\/div>\n<\/div>\n<\/div><\/div>\n\n\n\n<p><\/p>\n\n\n\n<h2>Verpflegung f\u00fcr zwischendurch, oder zur Konzentration.<\/h2>\n\n\n\n<p>Sie sind auf der Suche nach einer steigenden Verpflegung f\u00fcr Ihr Unternehmen und einer damit verbundenen steigender Mitarbeiterzufriedenheit?<br>Kein Problem, wir beraten Sie gerne und erarbeiten ein passendes Konzept f\u00fcr Ihr Unternehmen!<br>Kontaktieren Sie uns einfach und wir melden uns umgehend bei Ihnen.<\/p>\n\n\n\n<p>Entdecke den von Dake Unterschied<\/p>\n\n\n\n<p><\/p>\n\n\n\n<p><\/p>\n\n\n\n<h2>Verpflegung f\u00fcr alle Gem\u00fctslagen und f\u00fcr alle Mitarbeiter.<\/h2>\n\n\n\n<p>Wir k\u00fcmmern uns selbstverst\u00e4ndlich um die Aufstellung, Installation, Wartung und Pflege der Ger\u00e4te und bef\u00fcllen sie mit der gew\u00fcnschten Auswahl an Getr\u00e4nken, Snacks und Feinkostprodukten.<\/p>\n\n\n\n<p><\/p>\n\n\n\n<div class=\"wp-block-contact-form-7-contact-form-selector\"><div role=\"form\" class=\"wpcf7\" id=\"wpcf7-f56-o1\" lang=\"de-DE\" dir=\"ltr\">\n<div class=\"screen-reader-response\"><p role=\"status\" aria-live=\"polite\" aria-atomic=\"true\"><\/p> <ul><\/ul><\/div>\n<form action=\"\/index.php?rest_route=%2Fwp%2Fv2%2Fpages%2F2#wpcf7-f56-o1\" method=\"post\" class=\"wpcf7-form init\" novalidate=\"novalidate\" data-status=\"init\">\n<div style=\"display: none;\">\n<input type=\"hidden\" name=\"_wpcf7\" value=\"56\" \/>\n<input type=\"hidden\" name=\"_wpcf7_version\" value=\"5.5.2\" \/>\n<input type=\"hidden\" name=\"_wpcf7_locale\" value=\"de_DE\" \/>\n<input type=\"hidden\" name=\"_wpcf7_unit_tag\" value=\"wpcf7-f56-o1\" \/>\n<input type=\"hidden\" name=\"_wpcf7_container_post\" value=\"0\" \/>\n<input type=\"hidden\" name=\"_wpcf7_posted_data_hash\" value=\"\" \/>\n<\/div>\n<p><label> Dein Name<br \/>\n    <span class=\"wpcf7-form-control-wrap your-name\"><input type=\"text\" name=\"your-name\" value=\"\" size=\"40\" class=\"wpcf7-form-control wpcf7-text wpcf7-validates-as-required\" aria-required=\"true\" aria-invalid=\"false\" \/><\/span> <\/label><\/p>\n<p><label> Deine E-Mail-Adresse<br \/>\n    <span class=\"wpcf7-form-control-wrap your-email\"><input type=\"email\" name=\"your-email\" value=\"\" size=\"40\" class=\"wpcf7-form-control wpcf7-text wpcf7-email wpcf7-validates-as-required wpcf7-validates-as-email\" aria-required=\"true\" aria-invalid=\"false\" \/><\/span> <\/label><\/p>\n<p><label> Betreff<br \/>\n    <span class=\"wpcf7-form-control-wrap your-subject\"><input type=\"text\" name=\"your-subject\" value=\"\" size=\"40\" class=\"wpcf7-form-control wpcf7-text wpcf7-validates-as-required\" aria-required=\"true\" aria-invalid=\"false\" \/><\/span> <\/label><\/p>\n<p><label> Deine Nachricht (optional)<br \/>\n    <span class=\"wpcf7-form-control-wrap your-message\"><textarea name=\"your-message\" cols=\"40\" rows=\"10\" class=\"wpcf7-form-control wpcf7-textarea\" aria-invalid=\"false\"><\/textarea><\/span> <\/label><\/p>\n<p><input type=\"submit\" value=\"Senden\" class=\"wpcf7-form-control has-spinner wpcf7-submit\" \/><\/p>\n<div class=\"wpcf7-response-output\" aria-hidden=\"true\"><\/div><\/form><\/div><\/div>\n\n\n\n<p><\/p>\n","protected":false},"excerpt":{"rendered":"<p>Ein Familienunternehmen der besonderen Art:Pers\u00f6nlich-Innovativ-Leidenschaftlich Der Gedanke zur Gr\u00fcndung der von Dake Automatenverpflegungist aus der 16 J\u00e4hrigen Erfahrung im Verpflegungsbereich mit Automaten entstanden, die immer wieder gezeigt hat, dass eine pers\u00f6nliche engagierte und individuelle Betreuung die beste Grundlage f\u00fcr eine gute Zusammenarbeit und Versorgung bildet.Als kleines Familienunternehmen haben wir die M\u00f6glichkeit selbst zu handeln und unseren Leitgedanken umzusetzen.Hierbei werden wir durch ad\u00e4quate Partner im Produktbereich als auch der technischen Seite unterst\u00fctzt. Verpflegung f\u00fcr zwischendurch, oder zur Konzentration. Sie sind auf der Suche nach einer steigenden Verpflegung f\u00fcr Ihr Unternehmen und einer damit verbundenen steigender Mitarbeiterzufriedenheit?Kein Problem, wir beraten Sie gerne und erarbeiten ein passendes Konzept f\u00fcr Ihr Unternehmen!Kontaktieren Sie uns einfach und wir melden uns umgehend bei Ihnen. Entdecke den von Dake Unterschied Verpflegung f\u00fcr alle Gem\u00fctslagen und f\u00fcr alle Mitarbeiter. Wir k\u00fcmmern uns selbstverst\u00e4ndlich um die Aufstellung, Installation, Wartung und Pflege der Ger\u00e4te und bef\u00fcllen sie mit der gew\u00fcnschten Auswahl an Getr\u00e4nken, Snacks und Feinkostprodukten.<\/p>\n","protected":false},"author":1,"featured_media":0,"parent":0,"menu_order":0,"comment_status":"closed","ping_status":"closed","template":"","meta":{"ngg_post_thumbnail":0},"_links":{"self":[{"href":"https:\/\/vondake-automatenservice.de\/index.php?rest_route=\/wp\/v2\/pages\/2"}],"collection":[{"href":"https:\/\/vondake-automatenservice.de\/index.php?rest_route=\/wp\/v2\/pages"}],"about":[{"href":"https:\/\/vondake-automatenservice.de\/index.php?rest_route=\/wp\/v2\/types\/page"}],"author":[{"embeddable":true,"href":"https:\/\/vondake-automatenservice.de\/index.php?rest_route=\/wp\/v2\/users\/1"}],"replies":[{"embeddable":true,"href":"https:\/\/vondake-automatenservice.de\/index.php?rest_route=%2Fwp%2Fv2%2Fcomments&post=2"}],"version-history":[{"count":14,"href":"https:\/\/vondake-automatenservice.de\/index.php?rest_route=\/wp\/v2\/pages\/2\/revisions"}],"predecessor-version":[{"id":111,"href":"https:\/\/vondake-automatenservice.de\/index.php?rest_route=\/wp\/v2\/pages\/2\/revisions\/111"}],"wp:attachment":[{"href":"https:\/\/vondake-automatenservice.de\/index.php?rest_route=%2Fwp%2Fv2%2Fmedia&parent=2"}],"curies":[{"name":"wp","href":"https:\/\/api.w.org\/{rel}","templated":true}]}}